{"id":64,"date":"2012-02-28T09:15:23","date_gmt":"2012-02-28T09:15:23","guid":{"rendered":"http:\/\/localhost:8888\/?page_id=64"},"modified":"2012-03-26T08:49:15","modified_gmt":"2012-03-26T07:49:15","slug":"subopcion-1-2","status":"publish","type":"page","link":"https:\/\/www.bedabierzo.org\/?page_id=64","title":{"rendered":"Tratamiento"},"content":{"rendered":"<p><img loading=\"lazy\" class=\"size-full wp-image-250 alignleft\" title=\"titTratamiento\" src=\"http:\/\/www.bedabierzo.org\/wp-content\/uploads\/2012\/03\/titTratamiento.jpg\" alt=\"\" width=\"595\" height=\"50\" srcset=\"https:\/\/www.bedabierzo.org\/wp-content\/uploads\/2012\/03\/titTratamiento.jpg 595w, https:\/\/www.bedabierzo.org\/wp-content\/uploads\/2012\/03\/titTratamiento-300x25.jpg 300w\" sizes=\"(max-width: 595px) 100vw, 595px\" \/><\/p>\n<h1><\/h1>\n<p style=\"text-align: justify;\">La inclusi\u00f3n de un equipo multiprofesional posibilita el desarrollo de un programa de tratamiento espec\u00edfico siguiendo criterios y actuaciones basados en la evidencia cient\u00edfica. Este programa se pone en marcha en 1992 y despu\u00e9s de algunas revisiones, contin\u00faa en la actualidad, permitiendo actuaciones que van desde la motivaci\u00f3n previa para el tratamiento, hasta el diagn\u00f3stico y la finalizaci\u00f3n con el alta terap\u00e9utica.<\/p>\n<p style=\"text-align: justify;\">El programa de tratamiento se desarrolla, de forma ambulatoria, por el equipo de profesionales,\u00a0 dentro de los Servicios Sanitarios incluidos en organizaci\u00f3n no sanitaria.<\/p>\n<h1>Objetivos y Desarrollo del programa<\/h1>\n<ul>\n<li style=\"text-align: justify;\">El programa de tratamiento para el abuso\/dependencia del alcohol, tiene como objetivo principal la recuperaci\u00f3n integral de personas dependientes del alcohol, dentro del\u00a0 modelo bio-psico-social.<\/li>\n<\/ul>\n<ul style=\"text-align: justify;\">\n<li>El desarrollo de los objetivos se estructura a trav\u00e9s de tres fases, con objetivos espec\u00edficos, desde la motivaci\u00f3n para el tratamiento y la abstinencia, hasta el abordaje de variables emocionales, cambio en el estilo de vida, patolog\u00eda f\u00edsica.<\/li>\n<\/ul>\n<ul style=\"text-align: justify;\">\n<li>La actuaci\u00f3n coordinada del equipo profesional permite conseguir los mejores resultados, mediante la combinaci\u00f3n de tratamiento farmacol\u00f3gico, intervenci\u00f3n psicosocial y familiar. Todo ello se lleva a cabo mediante la utilizaci\u00f3n de distintas t\u00e9cnicas, que se aplican con un formato de intervenci\u00f3n grupal (frecuencia semanal) e individual (adaptado a cada paciente).<\/li>\n<\/ul>\n<ul style=\"text-align: justify;\">\n<li>El tratamiento incluye tambi\u00e9n la atenci\u00f3n del familiar, o persona de apoyo, que participa en grupos psicoeducativos (frecuencia semanal), individual y de pareja (seg\u00fan caso). El objetivo es ense\u00f1ar al familiar estrategias de actuaci\u00f3n que faciliten la rehabilitaci\u00f3n del enfermo alcoh\u00f3lico y su propio bienestar<\/li>\n<\/ul>\n<ul>\n<li>El cumplimiento de los objetivos establecidos termina con el Alta terap\u00e9utica. Posteriormente, se incorporan a un grupo de seguimiento de frecuencia mensual y se finaliza con una consulta individual a los seis y doce meses.<\/li>\n<\/ul>\n<p><img loading=\"lazy\" class=\"size-full wp-image-355 alignnone\" title=\"tratamiento\" src=\"http:\/\/www.bedabierzo.org\/wp-content\/uploads\/2012\/02\/tratamiento.jpg\" alt=\"\" width=\"595\" height=\"220\" srcset=\"https:\/\/www.bedabierzo.org\/wp-content\/uploads\/2012\/02\/tratamiento.jpg 595w, https:\/\/www.bedabierzo.org\/wp-content\/uploads\/2012\/02\/tratamiento-300x110.jpg 300w\" sizes=\"(max-width: 595px) 100vw, 595px\" \/><\/p>\n","protected":false},"excerpt":{"rendered":"<p>La inclusi\u00f3n de un equipo multiprofesional posibilita el desarrollo de un programa de tratamiento espec\u00edfico siguiendo criterios y actuaciones basados en la evidencia cient\u00edfica. Este programa se pone en marcha en 1992 y despu\u00e9s de algunas revisiones, contin\u00faa en la actualidad, permitiendo actuaciones que van desde la motivaci\u00f3n previa para el tratamiento, hasta el diagn\u00f3stico [&hellip;]<\/p>\n","protected":false},"author":1,"featured_media":0,"parent":53,"menu_order":0,"comment_status":"open","ping_status":"open","template":"","meta":[],"_links":{"self":[{"href":"https:\/\/www.bedabierzo.org\/index.php?rest_route=\/wp\/v2\/pages\/64"}],"collection":[{"href":"https:\/\/www.bedabierzo.org\/index.php?rest_route=\/wp\/v2\/pages"}],"about":[{"href":"https:\/\/www.bedabierzo.org\/index.php?rest_route=\/wp\/v2\/types\/page"}],"author":[{"embeddable":true,"href":"https:\/\/www.bedabierzo.org\/index.php?rest_route=\/wp\/v2\/users\/1"}],"replies":[{"embeddable":true,"href":"https:\/\/www.bedabierzo.org\/index.php?rest_route=%2Fwp%2Fv2%2Fcomments&post=64"}],"version-history":[{"count":16,"href":"https:\/\/www.bedabierzo.org\/index.php?rest_route=\/wp\/v2\/pages\/64\/revisions"}],"predecessor-version":[{"id":231,"href":"https:\/\/www.bedabierzo.org\/index.php?rest_route=\/wp\/v2\/pages\/64\/revisions\/231"}],"up":[{"embeddable":true,"href":"https:\/\/www.bedabierzo.org\/index.php?rest_route=\/wp\/v2\/pages\/53"}],"wp:attachment":[{"href":"https:\/\/www.bedabierzo.org\/index.php?rest_route=%2Fwp%2Fv2%2Fmedia&parent=64"}],"curies":[{"name":"wp","href":"https:\/\/api.w.org\/{rel}","templated":true}]}}