{"id":62,"date":"2012-02-28T09:14:53","date_gmt":"2012-02-28T09:14:53","guid":{"rendered":"http:\/\/localhost:8888\/?page_id=62"},"modified":"2012-03-26T08:48:14","modified_gmt":"2012-03-26T07:48:14","slug":"subopcion-1-1","status":"publish","type":"page","link":"https:\/\/www.bedabierzo.org\/?page_id=62","title":{"rendered":"Historia"},"content":{"rendered":"<p><img loading=\"lazy\" class=\"size-full wp-image-246 alignleft\" title=\"titHistoria\" src=\"http:\/\/www.bedabierzo.org\/wp-content\/uploads\/2012\/03\/titHistoria.jpg\" alt=\"\" width=\"595\" height=\"50\" srcset=\"https:\/\/www.bedabierzo.org\/wp-content\/uploads\/2012\/03\/titHistoria.jpg 595w, https:\/\/www.bedabierzo.org\/wp-content\/uploads\/2012\/03\/titHistoria-300x25.jpg 300w\" sizes=\"(max-width: 595px) 100vw, 595px\" \/><\/p>\n<p style=\"text-align: justify;\">En 1974, Heliodoro Ord\u00e1s Gonz\u00e1lez y Benigno N\u00fa\u00f1ez, rehabilitados en la Asociaci\u00f3n de Alcoh\u00f3licos Rehabilitados de Le\u00f3n, deciden trasladar su experiencia a Cacabelos (Le\u00f3n) y fundan un grupo dependiente de la asociaci\u00f3n provincial llamado <strong>\u201cGrupo Cacabelos de Alcoh\u00f3licos Rehabilitados\u201d<\/strong>.<\/p>\n<p style=\"text-align: justify;\">En septiembre de 1985, ante la necesidad de atender al incremento de personas con problemas de alcohol y de manera m\u00e1s adecuada se constituye la <strong>Asociaci\u00f3n BEDA<\/strong> (Bergidum Ex-Dependientes Asociados), en Cacabelos al amparo de la ley y con \u00e1mbito territorial en Castilla y Le\u00f3n, Galicia y Asturias.<\/p>\n<p style=\"text-align: justify;\">En 1988 se crea la delegaci\u00f3n BEDA \u2013 Toreno y en 1989 se crean las delegaciones en Bembibre y Fabero. La Asociaci\u00f3n de Bembibre sigue en la actualidad trabajando y las delegaciones de Fabero y Toreno acabaron cerrando al cabo de un tiempo.<\/p>\n<p style=\"text-align: justify;\">El a\u00f1o 1992 representa un salto cualitativo para BEDA, ya que se decide poner en marcha un programa espec\u00edfico y estructurado que va a condicionar el futuro de BEDA. En ese a\u00f1o se pone en funcionamiento el <strong>\u201cPrograma de Tratamiento de Abuso y\/o Dependencia del Alcohol\u201d<\/strong>, incrementando progresivamente el n\u00famero de personas atendidas. El Programa de Tratamiento est\u00e1 atendido por un equipo multidisciplinar compuesto por m\u00e9dicos, psic\u00f3logos y trabajadores sociales que abordan todas las \u00e1reas de la problem\u00e1tica alcoh\u00f3lica.<\/p>\n<p style=\"text-align: justify;\">En 1998 la Consejer\u00eda\u00a0 de Sanidad y Bienestar Social de la Junta de Castilla y Le\u00f3n acredita a BEDA como <strong>Centro Espec\u00edfico de Tratamiento Ambulatorio de Enfermos Alcoh\u00f3licos<\/strong> (ORDEN de 23 de diciembre de 1997, BOCYL n\u00ba 3\/1998, de 07 de enero de 1998).<\/p>\n<p style=\"text-align: justify;\">En 1999 se firma un convenio de colaboraci\u00f3n con el Excmo. Ayuntamiento de Ponferrada para la cesi\u00f3n de instalaciones que facilite un mejor desempe\u00f1o de la actividad, trasladando BEDA su sede a Ponferrada en la Avenida de la Libertad, 31.<\/p>\n<p style=\"text-align: justify;\">En 2002 se firma un convenio de colaboraci\u00f3n entre la Universidad de Educaci\u00f3n a Distancia (Centro Asociado de Ponferrada) y BEDA, para realizar pr\u00e1cticas los alumnos de Educaci\u00f3n Social, Psicolog\u00eda y Trabajo Social.<\/p>\n<p style=\"text-align: justify;\">En 2010 se firma un convenio de colaboraci\u00f3n entre la Gerencia de Atenci\u00f3n Primaria El Bierzo y BEDA, para elaborar el <strong>Documento de Consenso del Abordaje del Consumo de Alcohol<\/strong>.<\/p>\n<p style=\"text-align: justify;\">En 2011 BEDA se incluye en el <strong>Registro de Centros y Servicios Sanitarios de la Consejer\u00eda de Sanidad y Bienestar Social de la Junta de Castilla y Le\u00f3n<\/strong>, con el n\u00famero 24-C3-0130.<\/p>\n<p><img loading=\"lazy\" class=\"size-full wp-image-353 alignleft\" title=\"historia\" src=\"http:\/\/www.bedabierzo.org\/wp-content\/uploads\/2012\/02\/historia.jpg\" alt=\"\" width=\"595\" height=\"220\" srcset=\"https:\/\/www.bedabierzo.org\/wp-content\/uploads\/2012\/02\/historia.jpg 595w, https:\/\/www.bedabierzo.org\/wp-content\/uploads\/2012\/02\/historia-300x110.jpg 300w\" sizes=\"(max-width: 595px) 100vw, 595px\" \/><\/p>\n","protected":false},"excerpt":{"rendered":"<p>En 1974, Heliodoro Ord\u00e1s Gonz\u00e1lez y Benigno N\u00fa\u00f1ez, rehabilitados en la Asociaci\u00f3n de Alcoh\u00f3licos Rehabilitados de Le\u00f3n, deciden trasladar su experiencia a Cacabelos (Le\u00f3n) y fundan un grupo dependiente de la asociaci\u00f3n provincial llamado \u201cGrupo Cacabelos de Alcoh\u00f3licos Rehabilitados\u201d. En septiembre de 1985, ante la necesidad de atender al incremento de personas con problemas de [&hellip;]<\/p>\n","protected":false},"author":1,"featured_media":0,"parent":53,"menu_order":0,"comment_status":"open","ping_status":"open","template":"","meta":[],"_links":{"self":[{"href":"https:\/\/www.bedabierzo.org\/index.php?rest_route=\/wp\/v2\/pages\/62"}],"collection":[{"href":"https:\/\/www.bedabierzo.org\/index.php?rest_route=\/wp\/v2\/pages"}],"about":[{"href":"https:\/\/www.bedabierzo.org\/index.php?rest_route=\/wp\/v2\/types\/page"}],"author":[{"embeddable":true,"href":"https:\/\/www.bedabierzo.org\/index.php?rest_route=\/wp\/v2\/users\/1"}],"replies":[{"embeddable":true,"href":"https:\/\/www.bedabierzo.org\/index.php?rest_route=%2Fwp%2Fv2%2Fcomments&post=62"}],"version-history":[{"count":23,"href":"https:\/\/www.bedabierzo.org\/index.php?rest_route=\/wp\/v2\/pages\/62\/revisions"}],"predecessor-version":[{"id":380,"href":"https:\/\/www.bedabierzo.org\/index.php?rest_route=\/wp\/v2\/pages\/62\/revisions\/380"}],"up":[{"embeddable":true,"href":"https:\/\/www.bedabierzo.org\/index.php?rest_route=\/wp\/v2\/pages\/53"}],"wp:attachment":[{"href":"https:\/\/www.bedabierzo.org\/index.php?rest_route=%2Fwp%2Fv2%2Fmedia&parent=62"}],"curies":[{"name":"wp","href":"https:\/\/api.w.org\/{rel}","templated":true}]}}