{"id":56,"date":"2012-02-28T09:12:25","date_gmt":"2012-02-28T09:12:25","guid":{"rendered":"http:\/\/localhost:8888\/?page_id=56"},"modified":"2012-03-26T08:44:03","modified_gmt":"2012-03-26T07:44:03","slug":"opcion-2","status":"publish","type":"page","link":"https:\/\/www.bedabierzo.org\/?page_id=56","title":{"rendered":"Colaboradores"},"content":{"rendered":"<p><img loading=\"lazy\" class=\" wp-image-242 alignleft\" title=\"titColaboradores\" src=\"http:\/\/www.bedabierzo.org\/wp-content\/uploads\/2012\/03\/titColaboradores.jpg\" alt=\"\" width=\"595\" height=\"50\" srcset=\"https:\/\/www.bedabierzo.org\/wp-content\/uploads\/2012\/03\/titColaboradores.jpg 595w, https:\/\/www.bedabierzo.org\/wp-content\/uploads\/2012\/03\/titColaboradores-300x25.jpg 300w\" sizes=\"(max-width: 595px) 100vw, 595px\" \/><\/p>\n<ul>\n<li>Junta de Castilla y Le\u00f3n.<\/li>\n<li>Diputaci\u00f3n de Le\u00f3n.<\/li>\n<li>Ayuntamiento de Ponferrada (Le\u00f3n).<\/li>\n<li>Ayuntamiento de O Barco de Valdeorras (Ourense).<\/li>\n<li>Caja Rural de Zamora.<\/li>\n<li>Obra Social Fundaci\u00f3n La Caixa.<\/li>\n<\/ul>\n<p><img loading=\"lazy\" class=\"size-full wp-image-326 alignleft\" title=\"colaboradores\" src=\"http:\/\/www.bedabierzo.org\/wp-content\/uploads\/2012\/02\/colaboradores2.jpg\" alt=\"\" width=\"595\" height=\"350\" \/><\/p>\n<p>&nbsp;<\/p>\n","protected":false},"excerpt":{"rendered":"<p>Junta de Castilla y Le\u00f3n. Diputaci\u00f3n de Le\u00f3n. Ayuntamiento de Ponferrada (Le\u00f3n). Ayuntamiento de O Barco de Valdeorras (Ourense). Caja Rural de Zamora. Obra Social Fundaci\u00f3n La Caixa. &nbsp;<\/p>\n","protected":false},"author":1,"featured_media":0,"parent":0,"menu_order":0,"comment_status":"open","ping_status":"open","template":"","meta":[],"_links":{"self":[{"href":"https:\/\/www.bedabierzo.org\/index.php?rest_route=\/wp\/v2\/pages\/56"}],"collection":[{"href":"https:\/\/www.bedabierzo.org\/index.php?rest_route=\/wp\/v2\/pages"}],"about":[{"href":"https:\/\/www.bedabierzo.org\/index.php?rest_route=\/wp\/v2\/types\/page"}],"author":[{"embeddable":true,"href":"https:\/\/www.bedabierzo.org\/index.php?rest_route=\/wp\/v2\/users\/1"}],"replies":[{"embeddable":true,"href":"https:\/\/www.bedabierzo.org\/index.php?rest_route=%2Fwp%2Fv2%2Fcomments&post=56"}],"version-history":[{"count":15,"href":"https:\/\/www.bedabierzo.org\/index.php?rest_route=\/wp\/v2\/pages\/56\/revisions"}],"predecessor-version":[{"id":327,"href":"https:\/\/www.bedabierzo.org\/index.php?rest_route=\/wp\/v2\/pages\/56\/revisions\/327"}],"wp:attachment":[{"href":"https:\/\/www.bedabierzo.org\/index.php?rest_route=%2Fwp%2Fv2%2Fmedia&parent=56"}],"curies":[{"name":"wp","href":"https:\/\/api.w.org\/{rel}","templated":true}]}}