{"id":170,"date":"2012-03-07T11:17:43","date_gmt":"2012-03-07T11:17:43","guid":{"rendered":"http:\/\/www.bedabierzo.org\/web\/?page_id=170"},"modified":"2023-03-02T12:40:29","modified_gmt":"2023-03-02T11:40:29","slug":"convenios","status":"publish","type":"page","link":"https:\/\/www.bedabierzo.org\/?page_id=170","title":{"rendered":"Convenios"},"content":{"rendered":"<p style=\"text-align: left;\"><img loading=\"lazy\" class=\"size-full wp-image-243\" title=\"titConvenios\" src=\"http:\/\/www.bedabierzo.org\/wp-content\/uploads\/2012\/03\/titConvenios.jpg\" alt=\"\" width=\"595\" height=\"50\" srcset=\"https:\/\/www.bedabierzo.org\/wp-content\/uploads\/2012\/03\/titConvenios.jpg 595w, https:\/\/www.bedabierzo.org\/wp-content\/uploads\/2012\/03\/titConvenios-300x25.jpg 300w\" sizes=\"(max-width: 595px) 100vw, 595px\" \/><\/p>\n<p>Actualmente existen convenios firmados con las siguientes Instituciones:<\/p>\n<ul>\n<li>Gerencia Atenci\u00f3n Primaria El Bierzo. (EIR)<\/li>\n<li>UNED. Centro Asociado de Ponferrada para alumnos de Trabajo Social, Psicolog\u00eda y Educaci\u00f3n Social.<\/li>\n<li>UNIR. Centro asociado de Ponferrada para alumnos del Grado de Psicolog\u00eda y del Master de psicolog\u00eda General Sanitaria.<\/li>\n<li>Universidad Europea de Madrid. Centro asociado de Ponferrada para alumnos del M\u00e1ster de psicolog\u00eda General Sanitaria<\/li>\n<\/ul>\n<p>Adem\u00e1s se colabora con:<\/p>\n<ul>\n<li>Plan Regional sobre Drogas de Castilla y Le\u00f3n.<\/li>\n<li>FARE (Federaci\u00f3n de Alcoh\u00f3licos Rehabilitados de Espa\u00f1a).<\/li>\n<li>FARCAL (Federaci\u00f3n de Alcoh\u00f3licos Rehabilitados de Castilla y Le\u00f3n).<\/li>\n<li>Socidrogalcohol.<\/li>\n<li>Centro de documentaci\u00f3n sobre dependencias y otros trastornos adictivos Dr. Emilio Bogani Miquel.<\/li>\n<li>Bierzo Punto Radio.<\/li>\n<li>Red Local de Cooperaci\u00f3n Social de Ponferrada.<\/li>\n<li>Consejo Intermunicipal de Intervenci\u00f3n de Drogodependencias Bierzo Central (CIBIC)<\/li>\n<\/ul>\n","protected":false},"excerpt":{"rendered":"<p>Actualmente existen convenios firmados con las siguientes Instituciones: Gerencia Atenci\u00f3n Primaria El Bierzo. (EIR) UNED. Centro Asociado de Ponferrada para alumnos de Trabajo Social, Psicolog\u00eda y Educaci\u00f3n Social. UNIR. Centro asociado de Ponferrada para alumnos del Grado de Psicolog\u00eda y del Master de psicolog\u00eda General Sanitaria. Universidad Europea de Madrid. Centro asociado de Ponferrada para [&hellip;]<\/p>\n","protected":false},"author":1,"featured_media":0,"parent":53,"menu_order":0,"comment_status":"closed","ping_status":"closed","template":"","meta":[],"_links":{"self":[{"href":"https:\/\/www.bedabierzo.org\/index.php?rest_route=\/wp\/v2\/pages\/170"}],"collection":[{"href":"https:\/\/www.bedabierzo.org\/index.php?rest_route=\/wp\/v2\/pages"}],"about":[{"href":"https:\/\/www.bedabierzo.org\/index.php?rest_route=\/wp\/v2\/types\/page"}],"author":[{"embeddable":true,"href":"https:\/\/www.bedabierzo.org\/index.php?rest_route=\/wp\/v2\/users\/1"}],"replies":[{"embeddable":true,"href":"https:\/\/www.bedabierzo.org\/index.php?rest_route=%2Fwp%2Fv2%2Fcomments&post=170"}],"version-history":[{"count":12,"href":"https:\/\/www.bedabierzo.org\/index.php?rest_route=\/wp\/v2\/pages\/170\/revisions"}],"predecessor-version":[{"id":435,"href":"https:\/\/www.bedabierzo.org\/index.php?rest_route=\/wp\/v2\/pages\/170\/revisions\/435"}],"up":[{"embeddable":true,"href":"https:\/\/www.bedabierzo.org\/index.php?rest_route=\/wp\/v2\/pages\/53"}],"wp:attachment":[{"href":"https:\/\/www.bedabierzo.org\/index.php?rest_route=%2Fwp%2Fv2%2Fmedia&parent=170"}],"curies":[{"name":"wp","href":"https:\/\/api.w.org\/{rel}","templated":true}]}}