{"id":110,"date":"2012-02-29T09:43:32","date_gmt":"2012-02-29T09:43:32","guid":{"rendered":"http:\/\/localhost:8888\/?page_id=110"},"modified":"2012-03-26T09:06:03","modified_gmt":"2012-03-26T08:06:03","slug":"subopcion-1-5","status":"publish","type":"page","link":"https:\/\/www.bedabierzo.org\/?page_id=110","title":{"rendered":"Enlaces"},"content":{"rendered":"<p><img loading=\"lazy\" class=\"size-full wp-image-244 alignleft\" title=\"titEnlaces\" src=\"http:\/\/www.bedabierzo.org\/wp-content\/uploads\/2012\/03\/titEnlaces.jpg\" alt=\"\" width=\"595\" height=\"50\" srcset=\"https:\/\/www.bedabierzo.org\/wp-content\/uploads\/2012\/03\/titEnlaces.jpg 595w, https:\/\/www.bedabierzo.org\/wp-content\/uploads\/2012\/03\/titEnlaces-300x25.jpg 300w\" sizes=\"(max-width: 595px) 100vw, 595px\" \/><\/p>\n<p>&nbsp;<\/p>\n<p>Plan Municipal sobre Drogas Ayuntamiento de Ponferrada<a href=\"http:\/\/www.ponferrada.org\/es\/temas\/servicios\/iii-plan-municipal-drogas\"><br \/>\n<\/a><\/p>\n<ul>\n<li><a href=\"http:\/\/www.ponferrada.org\/es\/temas\/servicios\/iii-plan-municipal-drogas\" target=\"_blank\"> www.ponferrada.org\/es\/temas\/servicios\/iii-plan-municipal-drogas<\/a><\/li>\n<\/ul>\n<p>Plan Provincial de Drogodependencia de la Diputaci\u00f3n de Le\u00f3n<a href=\"http:\/\/www.dipuleon.es\/frontdipuleon\/frontDipuleonAction.do?action=viewCategory&amp;id=7716\"><br \/>\n<\/a><\/p>\n<ul>\n<li><a href=\"http:\/\/www.dipuleon.es\/frontdipuleon\/frontDipuleonAction.do?action=viewCategory&amp;id=7716\" target=\"_blank\"> www.dipuleon.es\/frontdipuleon\/frontDipuleonAction.do?action=viewCategory&amp;id=7716<\/a><\/li>\n<\/ul>\n<p>Plan Regional sobre Drogas de Castilla y Le\u00f3n<a href=\"http:\/\/www.jcyl.es\/web\/jcyl\/Familia\/es\/Plantilla66y33\/1246989630150\/_\/_\/_\"><br \/>\n<\/a><\/p>\n<ul>\n<li><a href=\"http:\/\/www.jcyl.es\/web\/jcyl\/Familia\/es\/Plantilla66y33\/1246989630150\/_\/_\/_\"> www.jcyl.es\/web\/jcyl\/Familia\/es\/Plantilla66y33\/1246989630150\/_\/_\/_<\/a><\/li>\n<\/ul>\n<p>Plan de Trastornos Adictivos da Conselleria de Sanidade da Xunta de Galicia<a href=\"http:\/\/www.sergas.es\/MostrarContidos_N2_T01.aspx?IdPaxina=62632\"><br \/>\n<\/a><\/p>\n<ul>\n<li><a href=\"http:\/\/www.sergas.es\/MostrarContidos_N2_T01.aspx?IdPaxina=62632\"> www.sergas.es\/MostrarContidos_N2_T01.aspx?IdPaxina=62632<\/a><\/li>\n<\/ul>\n<p>Plan Nacional sobre Drogas Ministerio de Sanidad, Servicios Sociales e Igualdad<a href=\"http:\/\/www.pnsd.msc.es\/\"><br \/>\n<\/a><\/p>\n<ul>\n<li><a href=\"http:\/\/www.pnsd.msc.es\/\"> www.pnsd.msc.es\/<\/a><\/li>\n<\/ul>\n<p>Fundaci\u00f3n de Ayuda contra la Drogadicci\u00f3n<a href=\"http:\/\/www.fad.es\/\"><br \/>\n<\/a><\/p>\n<ul>\n<li><a href=\"http:\/\/www.fad.es\/\"> www.fad.es<\/a><\/li>\n<\/ul>\n<p>Sociedad Cient\u00edfica Espa\u00f1ola de Estudios sobre el Alcohol, el Alcoholismo y las otras Toxicoman\u00edas. Socidrogalcohol<a href=\"http:\/\/www.socidrogalcohol.org\/\"><br \/>\n<\/a><\/p>\n<ul>\n<li><a href=\"http:\/\/www.socidrogalcohol.org\/\"> www.socidrogalcohol.org\/<\/a><\/li>\n<\/ul>\n<p>Instituto para el Estudio de las Adicciones<a href=\"http:\/\/www.lasdrogas.info\/\"><br \/>\n<\/a><\/p>\n<ul>\n<li><a href=\"http:\/\/www.lasdrogas.info\/\"> www.lasdrogas.info\/<\/a><\/li>\n<\/ul>\n<p>Instituto de Investigaci\u00f3n de Drogodependencias de la Universidad Miguel Hern\u00e1ndez<a href=\"http:\/\/inid.umh.es\/\"><br \/>\n<\/a><\/p>\n<ul>\n<li><a href=\"http:\/\/inid.umh.es\/\"> inid.umh.es\/<\/a><\/li>\n<\/ul>\n<p>Asociaci\u00f3n Espa\u00f1ola de Estudios de las Drogodependencias<a href=\"http:\/\/www.aesed.com\/\"><br \/>\n<\/a><\/p>\n<ul>\n<li><a href=\"http:\/\/www.aesed.com\/\"> www.aesed.com\/<\/a><\/li>\n<\/ul>\n<p>Sociedad Espa\u00f1ola de Patolog\u00eda Dual<a href=\"http:\/\/www.patologiadual.es\/\"><br \/>\n<\/a><\/p>\n<ul>\n<li><a href=\"http:\/\/www.patologiadual.es\/\"> www.patologiadual.es\/<\/a><\/li>\n<\/ul>\n<p>Revista Adicciones<a href=\"http:\/\/www.adicciones.es\/\"><br \/>\n<\/a><\/p>\n<ul>\n<li><a href=\"http:\/\/www.adicciones.es\/\"> www.adicciones.es\/<\/a><\/li>\n<\/ul>\n","protected":false},"excerpt":{"rendered":"<p>&nbsp; Plan Municipal sobre Drogas Ayuntamiento de Ponferrada www.ponferrada.org\/es\/temas\/servicios\/iii-plan-municipal-drogas Plan Provincial de Drogodependencia de la Diputaci\u00f3n de Le\u00f3n www.dipuleon.es\/frontdipuleon\/frontDipuleonAction.do?action=viewCategory&amp;id=7716 Plan Regional sobre Drogas de Castilla y Le\u00f3n www.jcyl.es\/web\/jcyl\/Familia\/es\/Plantilla66y33\/1246989630150\/_\/_\/_ Plan de Trastornos Adictivos da Conselleria de Sanidade da Xunta de Galicia www.sergas.es\/MostrarContidos_N2_T01.aspx?IdPaxina=62632 Plan Nacional sobre Drogas Ministerio de Sanidad, Servicios Sociales e Igualdad www.pnsd.msc.es\/ Fundaci\u00f3n de [&hellip;]<\/p>\n","protected":false},"author":1,"featured_media":0,"parent":53,"menu_order":0,"comment_status":"open","ping_status":"open","template":"","meta":[],"_links":{"self":[{"href":"https:\/\/www.bedabierzo.org\/index.php?rest_route=\/wp\/v2\/pages\/110"}],"collection":[{"href":"https:\/\/www.bedabierzo.org\/index.php?rest_route=\/wp\/v2\/pages"}],"about":[{"href":"https:\/\/www.bedabierzo.org\/index.php?rest_route=\/wp\/v2\/types\/page"}],"author":[{"embeddable":true,"href":"https:\/\/www.bedabierzo.org\/index.php?rest_route=\/wp\/v2\/users\/1"}],"replies":[{"embeddable":true,"href":"https:\/\/www.bedabierzo.org\/index.php?rest_route=%2Fwp%2Fv2%2Fcomments&post=110"}],"version-history":[{"count":14,"href":"https:\/\/www.bedabierzo.org\/index.php?rest_route=\/wp\/v2\/pages\/110\/revisions"}],"predecessor-version":[{"id":384,"href":"https:\/\/www.bedabierzo.org\/index.php?rest_route=\/wp\/v2\/pages\/110\/revisions\/384"}],"up":[{"embeddable":true,"href":"https:\/\/www.bedabierzo.org\/index.php?rest_route=\/wp\/v2\/pages\/53"}],"wp:attachment":[{"href":"https:\/\/www.bedabierzo.org\/index.php?rest_route=%2Fwp%2Fv2%2Fmedia&parent=110"}],"curies":[{"name":"wp","href":"https:\/\/api.w.org\/{rel}","templated":true}]}}