{"id":108,"date":"2012-02-29T09:43:10","date_gmt":"2012-02-29T09:43:10","guid":{"rendered":"http:\/\/localhost:8888\/?page_id=108"},"modified":"2012-03-26T08:48:47","modified_gmt":"2012-03-26T07:48:47","slug":"subopcion-1-4","status":"publish","type":"page","link":"https:\/\/www.bedabierzo.org\/?page_id=108","title":{"rendered":"Instalaciones"},"content":{"rendered":"<p><img loading=\"lazy\" src=\"http:\/\/www.bedabierzo.org\/wp-content\/uploads\/2012\/03\/titInstalaciones.jpg\" alt=\"\" width=\"595\" height=\"50\" \/><\/p>\n<p>El Centro tiene una dimensi\u00f3n de 291 m2 y consta de las siguientes instalaciones:<\/p>\n<ul>\n<li>3 despachos (m\u00e9dico, psic\u00f3logo y trabajador social).<\/li>\n<li>1 secretar\u00eda.<\/li>\n<li>1 vest\u00edbulo.<\/li>\n<li>1 despacho de la Asociaci\u00f3n.<\/li>\n<li>4 salas de terapia.<\/li>\n<li>1 sal\u00f3n de actos.<\/li>\n<li>1 biblioteca tem\u00e1tica.<\/li>\n<li>Aseos de se\u00f1oras, caballeros y discapacitados.<\/li>\n<\/ul>\n\n\t\t<style type=\"text\/css\">\n\t\t\t#gallery-1 {\n\t\t\t\tmargin: auto;\n\t\t\t}\n\t\t\t#gallery-1 .gallery-item {\n\t\t\t\tfloat: left;\n\t\t\t\tmargin-top: 10px;\n\t\t\t\ttext-align: center;\n\t\t\t\twidth: 33%;\n\t\t\t}\n\t\t\t#gallery-1 img {\n\t\t\t\tborder: 2px solid #cfcfcf;\n\t\t\t}\n\t\t\t#gallery-1 .gallery-caption {\n\t\t\t\tmargin-left: 0;\n\t\t\t}\n\t\t\t\/* see gallery_shortcode() in wp-includes\/media.php *\/\n\t\t<\/style>\n\t\t<div id='gallery-1' class='gallery galleryid-108 gallery-columns-3 gallery-size-thumbnail'><dl class='gallery-item'>\n\t\t\t<dt class='gallery-icon portrait'>\n\t\t\t\t<a href='https:\/\/www.bedabierzo.org\/?attachment_id=177'><img width=\"150\" height=\"150\" src=\"https:\/\/www.bedabierzo.org\/wp-content\/uploads\/2012\/02\/DSCF0849_525x700-150x150.jpg\" class=\"attachment-thumbnail size-thumbnail\" alt=\"\" loading=\"lazy\" \/><\/a>\n\t\t\t<\/dt><\/dl><dl class='gallery-item'>\n\t\t\t<dt class='gallery-icon landscape'>\n\t\t\t\t<a href='https:\/\/www.bedabierzo.org\/?attachment_id=178'><img width=\"150\" height=\"150\" src=\"https:\/\/www.bedabierzo.org\/wp-content\/uploads\/2012\/02\/DSCF0862_700x525-150x150.jpg\" class=\"attachment-thumbnail size-thumbnail\" alt=\"\" loading=\"lazy\" \/><\/a>\n\t\t\t<\/dt><\/dl><dl class='gallery-item'>\n\t\t\t<dt class='gallery-icon landscape'>\n\t\t\t\t<a href='https:\/\/www.bedabierzo.org\/?attachment_id=179'><img width=\"150\" height=\"150\" src=\"https:\/\/www.bedabierzo.org\/wp-content\/uploads\/2012\/02\/DSCF0867_700x525-150x150.jpg\" class=\"attachment-thumbnail size-thumbnail\" alt=\"\" loading=\"lazy\" \/><\/a>\n\t\t\t<\/dt><\/dl><br style=\"clear: both\" \/><dl class='gallery-item'>\n\t\t\t<dt class='gallery-icon landscape'>\n\t\t\t\t<a href='https:\/\/www.bedabierzo.org\/?attachment_id=180'><img width=\"150\" height=\"150\" src=\"https:\/\/www.bedabierzo.org\/wp-content\/uploads\/2012\/02\/DSCF0872_700x525-150x150.jpg\" class=\"attachment-thumbnail size-thumbnail\" alt=\"\" loading=\"lazy\" \/><\/a>\n\t\t\t<\/dt><\/dl><dl class='gallery-item'>\n\t\t\t<dt class='gallery-icon landscape'>\n\t\t\t\t<a href='https:\/\/www.bedabierzo.org\/?attachment_id=228'><img width=\"150\" height=\"150\" src=\"https:\/\/www.bedabierzo.org\/wp-content\/uploads\/2012\/02\/Puerta-de-entrada-150x150.jpg\" class=\"attachment-thumbnail size-thumbnail\" alt=\"\" loading=\"lazy\" \/><\/a>\n\t\t\t<\/dt><\/dl><dl class='gallery-item'>\n\t\t\t<dt class='gallery-icon landscape'>\n\t\t\t\t<a href='https:\/\/www.bedabierzo.org\/?attachment_id=182'><img width=\"150\" height=\"150\" src=\"https:\/\/www.bedabierzo.org\/wp-content\/uploads\/2012\/02\/DSCF0891_700x525-150x150.jpg\" class=\"attachment-thumbnail size-thumbnail\" alt=\"\" loading=\"lazy\" \/><\/a>\n\t\t\t<\/dt><\/dl><br style=\"clear: both\" \/><dl class='gallery-item'>\n\t\t\t<dt class='gallery-icon landscape'>\n\t\t\t\t<a href='https:\/\/www.bedabierzo.org\/?attachment_id=229'><img width=\"150\" height=\"150\" src=\"https:\/\/www.bedabierzo.org\/wp-content\/uploads\/2012\/02\/Sala-terapia-150x150.jpg\" class=\"attachment-thumbnail size-thumbnail\" alt=\"\" loading=\"lazy\" \/><\/a>\n\t\t\t<\/dt><\/dl><dl class='gallery-item'>\n\t\t\t<dt class='gallery-icon landscape'>\n\t\t\t\t<a href='https:\/\/www.bedabierzo.org\/?attachment_id=184'><img width=\"150\" height=\"150\" src=\"https:\/\/www.bedabierzo.org\/wp-content\/uploads\/2012\/02\/DSCF0896_700x525-150x150.jpg\" class=\"attachment-thumbnail size-thumbnail\" alt=\"\" loading=\"lazy\" \/><\/a>\n\t\t\t<\/dt><\/dl><dl class='gallery-item'>\n\t\t\t<dt class='gallery-icon landscape'>\n\t\t\t\t<a href='https:\/\/www.bedabierzo.org\/?attachment_id=186'><img width=\"150\" height=\"150\" src=\"https:\/\/www.bedabierzo.org\/wp-content\/uploads\/2012\/02\/DSCF0901_700x525-150x150.jpg\" class=\"attachment-thumbnail size-thumbnail\" alt=\"\" loading=\"lazy\" \/><\/a>\n\t\t\t<\/dt><\/dl><br style=\"clear: both\" \/><dl class='gallery-item'>\n\t\t\t<dt class='gallery-icon landscape'>\n\t\t\t\t<a href='https:\/\/www.bedabierzo.org\/?attachment_id=187'><img width=\"150\" height=\"150\" src=\"https:\/\/www.bedabierzo.org\/wp-content\/uploads\/2012\/02\/DSCF0903_700x525-150x150.jpg\" class=\"attachment-thumbnail size-thumbnail\" alt=\"\" loading=\"lazy\" \/><\/a>\n\t\t\t<\/dt><\/dl><dl class='gallery-item'>\n\t\t\t<dt class='gallery-icon landscape'>\n\t\t\t\t<a href='https:\/\/www.bedabierzo.org\/?attachment_id=188'><img width=\"150\" height=\"150\" src=\"https:\/\/www.bedabierzo.org\/wp-content\/uploads\/2012\/02\/DSCF0904_700x525-150x150.jpg\" class=\"attachment-thumbnail size-thumbnail\" alt=\"\" loading=\"lazy\" \/><\/a>\n\t\t\t<\/dt><\/dl><dl class='gallery-item'>\n\t\t\t<dt class='gallery-icon portrait'>\n\t\t\t\t<a href='https:\/\/www.bedabierzo.org\/?attachment_id=210'><img width=\"150\" height=\"150\" src=\"https:\/\/www.bedabierzo.org\/wp-content\/uploads\/2012\/02\/DSCF0897_525x7001-150x150.jpg\" class=\"attachment-thumbnail size-thumbnail\" alt=\"\" loading=\"lazy\" \/><\/a>\n\t\t\t<\/dt><\/dl><br style=\"clear: both\" \/>\n\t\t<\/div>\n\n","protected":false},"excerpt":{"rendered":"<p>El Centro tiene una dimensi\u00f3n de 291 m2 y consta de las siguientes instalaciones: 3 despachos (m\u00e9dico, psic\u00f3logo y trabajador social). 1 secretar\u00eda. 1 vest\u00edbulo. 1 despacho de la Asociaci\u00f3n. 4 salas de terapia. 1 sal\u00f3n de actos. 1 biblioteca tem\u00e1tica. Aseos de se\u00f1oras, caballeros y discapacitados.<\/p>\n","protected":false},"author":1,"featured_media":0,"parent":53,"menu_order":0,"comment_status":"open","ping_status":"open","template":"","meta":[],"_links":{"self":[{"href":"https:\/\/www.bedabierzo.org\/index.php?rest_route=\/wp\/v2\/pages\/108"}],"collection":[{"href":"https:\/\/www.bedabierzo.org\/index.php?rest_route=\/wp\/v2\/pages"}],"about":[{"href":"https:\/\/www.bedabierzo.org\/index.php?rest_route=\/wp\/v2\/types\/page"}],"author":[{"embeddable":true,"href":"https:\/\/www.bedabierzo.org\/index.php?rest_route=\/wp\/v2\/users\/1"}],"replies":[{"embeddable":true,"href":"https:\/\/www.bedabierzo.org\/index.php?rest_route=%2Fwp%2Fv2%2Fcomments&post=108"}],"version-history":[{"count":24,"href":"https:\/\/www.bedabierzo.org\/index.php?rest_route=\/wp\/v2\/pages\/108\/revisions"}],"predecessor-version":[{"id":381,"href":"https:\/\/www.bedabierzo.org\/index.php?rest_route=\/wp\/v2\/pages\/108\/revisions\/381"}],"up":[{"embeddable":true,"href":"https:\/\/www.bedabierzo.org\/index.php?rest_route=\/wp\/v2\/pages\/53"}],"wp:attachment":[{"href":"https:\/\/www.bedabierzo.org\/index.php?rest_route=%2Fwp%2Fv2%2Fmedia&parent=108"}],"curies":[{"name":"wp","href":"https:\/\/api.w.org\/{rel}","templated":true}]}}