{"id":106,"date":"2012-02-29T09:42:52","date_gmt":"2012-02-29T09:42:52","guid":{"rendered":"http:\/\/localhost:8888\/?page_id=106"},"modified":"2023-03-02T12:31:00","modified_gmt":"2023-03-02T11:31:00","slug":"subopcion-1-3","status":"publish","type":"page","link":"https:\/\/www.bedabierzo.org\/?page_id=106","title":{"rendered":"Equipo"},"content":{"rendered":"<p style=\"text-align: left;\"><img loading=\"lazy\" class=\"size-full wp-image-245\" title=\"titEquipo\" src=\"http:\/\/www.bedabierzo.org\/wp-content\/uploads\/2012\/03\/titEquipo.jpg\" alt=\"\" width=\"595\" height=\"50\" srcset=\"https:\/\/www.bedabierzo.org\/wp-content\/uploads\/2012\/03\/titEquipo.jpg 595w, https:\/\/www.bedabierzo.org\/wp-content\/uploads\/2012\/03\/titEquipo-300x25.jpg 300w\" sizes=\"(max-width: 595px) 100vw, 595px\" \/><\/p>\n<p style=\"text-align: justify;\">El Centro de Tratamiento cuenta con un equipo multidisciplinar para abordar el trastorno adictivo y las consecuencias del mismo. Los profesionales y sus funciones principales, son los siguientes:<\/p>\n<ul style=\"text-align: justify;\">\n<li>3 <strong>Psic\u00f3logos<\/strong> especialistas en Psicolog\u00eda Cl\u00ednica, que centran su trabajo en la evaluaci\u00f3n diagn\u00f3stica (entrevista cl\u00ednica y pruebas psicom\u00e9tricas), terapias en grupo y terapias individuales, adaptadas a las necesidades de cada caso.<\/li>\n<\/ul>\n<ul style=\"text-align: justify;\">\n<li>1<strong> M\u00e9dico<\/strong>\u00a0que realizan la anamnesis y pruebas bioqu\u00edmicas para el diagn\u00f3stico, adem\u00e1s del tratamiento farmacol\u00f3gico adecuado en las fases de desintoxicaci\u00f3n y deshabituaci\u00f3n.<\/li>\n<\/ul>\n<ul style=\"text-align: justify;\">\n<li>1 <strong>Trabajadora Social<\/strong> que realiza trabajo de informaci\u00f3n y orientaci\u00f3n, historia social y\u00a0 dirige los grupos psicoeducativos con la familia o persona de apoyo.<\/li>\n<\/ul>\n<p style=\"text-align: justify;\">La labor de los profesionales se complementa con reuniones semanales de coordinaci\u00f3n para establecer las l\u00edneas de actuaci\u00f3n m\u00e1s apropiadas en cada caso.<\/p>\n<p>\u00a0<img loading=\"lazy\" class=\"size-full wp-image-357 alignleft\" title=\"equipo\" src=\"http:\/\/www.bedabierzo.org\/wp-content\/uploads\/2012\/02\/equipo.jpg\" alt=\"\" width=\"595\" height=\"220\" srcset=\"https:\/\/www.bedabierzo.org\/wp-content\/uploads\/2012\/02\/equipo.jpg 595w, https:\/\/www.bedabierzo.org\/wp-content\/uploads\/2012\/02\/equipo-300x110.jpg 300w\" sizes=\"(max-width: 595px) 100vw, 595px\" \/><\/p>\n","protected":false},"excerpt":{"rendered":"<p>El Centro de Tratamiento cuenta con un equipo multidisciplinar para abordar el trastorno adictivo y las consecuencias del mismo. Los profesionales y sus funciones principales, son los siguientes: 3 Psic\u00f3logos especialistas en Psicolog\u00eda Cl\u00ednica, que centran su trabajo en la evaluaci\u00f3n diagn\u00f3stica (entrevista cl\u00ednica y pruebas psicom\u00e9tricas), terapias en grupo y terapias individuales, adaptadas a [&hellip;]<\/p>\n","protected":false},"author":1,"featured_media":0,"parent":53,"menu_order":0,"comment_status":"open","ping_status":"open","template":"","meta":[],"_links":{"self":[{"href":"https:\/\/www.bedabierzo.org\/index.php?rest_route=\/wp\/v2\/pages\/106"}],"collection":[{"href":"https:\/\/www.bedabierzo.org\/index.php?rest_route=\/wp\/v2\/pages"}],"about":[{"href":"https:\/\/www.bedabierzo.org\/index.php?rest_route=\/wp\/v2\/types\/page"}],"author":[{"embeddable":true,"href":"https:\/\/www.bedabierzo.org\/index.php?rest_route=\/wp\/v2\/users\/1"}],"replies":[{"embeddable":true,"href":"https:\/\/www.bedabierzo.org\/index.php?rest_route=%2Fwp%2Fv2%2Fcomments&post=106"}],"version-history":[{"count":14,"href":"https:\/\/www.bedabierzo.org\/index.php?rest_route=\/wp\/v2\/pages\/106\/revisions"}],"predecessor-version":[{"id":432,"href":"https:\/\/www.bedabierzo.org\/index.php?rest_route=\/wp\/v2\/pages\/106\/revisions\/432"}],"up":[{"embeddable":true,"href":"https:\/\/www.bedabierzo.org\/index.php?rest_route=\/wp\/v2\/pages\/53"}],"wp:attachment":[{"href":"https:\/\/www.bedabierzo.org\/index.php?rest_route=%2Fwp%2Fv2%2Fmedia&parent=106"}],"curies":[{"name":"wp","href":"https:\/\/api.w.org\/{rel}","templated":true}]}}